{"id":110,"date":"2022-10-11T14:12:43","date_gmt":"2022-10-11T12:12:43","guid":{"rendered":"https:\/\/www.romek.cz\/?page_id=110"},"modified":"2022-10-11T14:16:38","modified_gmt":"2022-10-11T12:16:38","slug":"faq","status":"publish","type":"page","link":"https:\/\/www.romek.cz\/index.php\/faq\/","title":{"rendered":"FAQ"},"content":{"rendered":"<p>[et_pb_section fb_built=&#8220;1&#8243; next_background_color=&#8220;#ffffff&#8220; admin_label=&#8220;Hero Section&#8220; _builder_version=&#8220;4.16&#8243; use_background_color_gradient=&#8220;on&#8220; background_color_gradient_stops=&#8220;rgba(0,0,0,0.4) 0%|rgba(0,0,0,0.4) 100%&#8220; background_color_gradient_overlays_image=&#8220;on&#8220; background_color_gradient_start=&#8220;rgba(0,0,0,0.4)&#8220; background_color_gradient_end=&#8220;rgba(0,0,0,0.4)&#8220; background_image=&#8220;https:\/\/www.romek.cz\/wp-content\/uploads\/2022\/10\/writer-05.jpg&#8220; background_position=&#8220;center_right&#8220; custom_padding=&#8220;6%||1.8%|||&#8220; bottom_divider_style=&#8220;slant&#8220; bottom_divider_height=&#8220;60px&#8220; global_colors_info=&#8220;{}&#8220; background_color_gradient_direction__hover=&#8220;180deg&#8220; background_color_gradient_direction__hover_enabled=&#8220;180deg&#8220; background_color_gradient_start_position__hover=&#8220;0%&#8220; background_color_gradient_start_position__hover_enabled=&#8220;0%&#8220; background_color_gradient_end_position__hover=&#8220;100%&#8220; background_color_gradient_end_position__hover_enabled=&#8220;100%&#8220; background_color_gradient_stops__hover=&#8220;rgba(0,0,0,0.4) 0%|rgba(0,0,0,0.4) 100%&#8220; theme_builder_area=&#8220;post_content&#8220;][et_pb_row admin_label=&#8220;Page Title Area&#8220; _builder_version=&#8220;4.16&#8243; global_colors_info=&#8220;{}&#8220; theme_builder_area=&#8220;post_content&#8220;][et_pb_column type=&#8220;4_4&#8243; _builder_version=&#8220;4.16&#8243; custom_padding=&#8220;|||&#8220; global_colors_info=&#8220;{}&#8220; custom_padding__hover=&#8220;|||&#8220; theme_builder_area=&#8220;post_content&#8220;][et_pb_text admin_label=&#8220;Hero Section Title&#8220; _builder_version=&#8220;4.18.0&#8243; text_font=&#8220;Montserrat||||||||&#8220; text_font_size=&#8220;18px&#8220; text_line_height=&#8220;1.8em&#8220; header_font=&#8220;Montserrat|600||on|||||&#8220; header_font_size=&#8220;48px&#8220; header_letter_spacing=&#8220;3px&#8220; header_line_height=&#8220;1.3em&#8220; header_2_font=&#8220;Montserrat|700|||||||&#8220; header_2_text_color=&#8220;rgba(255,255,255,0.6)&#8220; header_2_font_size=&#8220;90px&#8220; header_2_letter_spacing=&#8220;3px&#8220; header_2_line_height=&#8220;1.1em&#8220; text_orientation=&#8220;center&#8220; background_layout=&#8220;dark&#8220; max_width=&#8220;700px&#8220; module_alignment=&#8220;center&#8220; custom_margin=&#8220;|||&#8220; animation_style=&#8220;fade&#8220; animation_direction=&#8220;bottom&#8220; hover_enabled=&#8220;0&#8243; header_font_size_tablet=&#8220;&#8220; header_font_size_phone=&#8220;28px&#8220; header_font_size_last_edited=&#8220;on|phone&#8220; header_2_font_size_tablet=&#8220;&#8220; header_2_font_size_phone=&#8220;50px&#8220; header_2_font_size_last_edited=&#8220;on|phone&#8220; global_colors_info=&#8220;{}&#8220; theme_builder_area=&#8220;post_content&#8220; sticky_enabled=&#8220;0&#8243;]<\/p>\n<h1>FAQ<\/h1>\n<p>O d\u016fle\u017eit\u00fdch v\u011bcech stru\u010dn\u011b.<\/p>\n<p>[\/et_pb_text][\/et_pb_column][\/et_pb_row][\/et_pb_section][et_pb_section fb_built=&#8220;1&#8243; admin_label=&#8220;FAQ Section&#8220; _builder_version=&#8220;4.16&#8243; custom_padding=&#8220;29px||0px|||&#8220; global_colors_info=&#8220;{}&#8220; theme_builder_area=&#8220;post_content&#8220;][et_pb_row admin_label=&#8220;FAQ&#8220; _builder_version=&#8220;4.16&#8243; max_width=&#8220;900px&#8220; use_custom_width=&#8220;on&#8220; custom_width_px=&#8220;900px&#8220; global_colors_info=&#8220;{}&#8220; theme_builder_area=&#8220;post_content&#8220;][et_pb_column type=&#8220;4_4&#8243; _builder_version=&#8220;4.16&#8243; custom_padding=&#8220;|||&#8220; global_colors_info=&#8220;{}&#8220; custom_padding__hover=&#8220;|||&#8220; theme_builder_area=&#8220;post_content&#8220;][et_pb_accordion open_toggle_background_color=&#8220;rgba(0,0,0,0.03)&#8220; closed_toggle_background_color=&#8220;rgba(0,0,0,0)&#8220; icon_color=&#8220;#f46624&#8243; _builder_version=&#8220;4.18.0&#8243; toggle_text_color=&#8220;#333333&#8243; toggle_font=&#8220;Montserrat||||||||&#8220; toggle_line_height=&#8220;1.5em&#8220; body_font=&#8220;||||||||&#8220; body_font_size=&#8220;16px&#8220; body_line_height=&#8220;1.8em&#8220; hover_enabled=&#8220;0&#8243; border_style_all=&#8220;none&#8220; global_colors_info=&#8220;{}&#8220; theme_builder_area=&#8220;post_content&#8220; sticky_enabled=&#8220;0&#8243;][et_pb_accordion_item title=&#8220;Vym\u011bn\u00edm text za referenci?&#8220; open=&#8220;on&#8220; _builder_version=&#8220;4.18.0&#8243; hover_enabled=&#8220;0&#8243; global_colors_info=&#8220;{}&#8220; theme_builder_area=&#8220;post_content&#8220; sticky_enabled=&#8220;0&#8243;]<\/p>\n<p>Ano&#8230;jeliko\u017e jako copywriter za\u010d\u00edn\u00e1m, nemohu tak disponovat pro potenci\u00e1ln\u00ed klienty zaj\u00edmav\u00fdch porftoliem prac\u00ed.\u00a0<\/p>\n<p>No a pr\u00e1v\u011b toto portfolio se aktu\u00e1ln\u011b sna\u017e\u00edm budovat t\u00edm, \u017ee svou pr\u00e1ci nab\u00edz\u00edm &#8222;zdarma&#8220;&#8230;tedy v\u00fdm\u011bnou za referenci.<\/p>\n<p>[\/et_pb_accordion_item][et_pb_accordion_item title=&#8220;Jak je to s \u010dasovou flexibilitou?&#8220; _builder_version=&#8220;4.18.0&#8243; hover_enabled=&#8220;0&#8243; global_colors_info=&#8220;{}&#8220; theme_builder_area=&#8220;post_content&#8220; open=&#8220;off&#8220; sticky_enabled=&#8220;0&#8243;]<\/p>\n<p>V\u017edy se sna\u017e\u00edm sv\u00fdm klient\u016fm maxim\u00e1ln\u011b p\u0159izp\u016fsobit. Pokud se na term\u00ednu dohodoneme, dodr\u017e\u00edm ho.\u00a0<\/p>\n<p>Pokud bych ze zak\u00e1zky c\u00edtil, \u017ee ji nebudu schopen v pot\u0159ebn\u00e9m \u010dase dodat, rad\u011bji klienta odk\u00e1\u017eu na n\u011bkter\u00e9ho z koleg\u016f.<\/p>\n<p>[\/et_pb_accordion_item][et_pb_accordion_item title=&#8220;Mohu texty p\u0159ipom\u00ednkovat?&#8220; _builder_version=&#8220;4.18.0&#8243; hover_enabled=&#8220;0&#8243; global_colors_info=&#8220;{}&#8220; theme_builder_area=&#8220;post_content&#8220; open=&#8220;off&#8220; sticky_enabled=&#8220;0&#8243;]<\/p>\n<p>Ano, ve\u0161ker\u00e9 sv\u00e9 texty zas\u00edl\u00e1m nejd\u0159\u00edve v podob\u011b tzv. &#8222;draftu&#8220;, kter\u00fd m\u016f\u017eete p\u0159ipom\u00ednkovat.<\/p>\n<p>Na z\u00e1klad\u011b Va\u0161eho p\u0159\u00e1n\u00ed n\u00e1sledn\u011b prov\u00e1d\u00edm revize textu, v\u017edy pe\u010dliv\u011b odd\u011blen\u00e9 od textu p\u016fvodn\u00edho.<\/p>\n<p>[\/et_pb_accordion_item][\/et_pb_accordion][\/et_pb_column][\/et_pb_row][\/et_pb_section][et_pb_section fb_built=&#8220;1&#8243; admin_label=&#8220;Feature Section&#8220; _builder_version=&#8220;4.16&#8243; custom_padding=&#8220;0px||0px|&#8220; global_colors_info=&#8220;{}&#8220; theme_builder_area=&#8220;post_content&#8220;][\/et_pb_section]<\/p>\n","protected":false},"excerpt":{"rendered":"<p>FAQ O d\u016fle\u017eit\u00fdch v\u011bcech stru\u010dn\u011b.Ano&#8230;jeliko\u017e jako copywriter za\u010d\u00edn\u00e1m, nemohu tak disponovat pro potenci\u00e1ln\u00ed klienty zaj\u00edmav\u00fdch porftoliem prac\u00ed.\u00a0 No a pr\u00e1v\u011b toto portfolio se aktu\u00e1ln\u011b sna\u017e\u00edm budovat t\u00edm, \u017ee svou pr\u00e1ci nab\u00edz\u00edm &#8222;zdarma&#8220;&#8230;tedy v\u00fdm\u011bnou za referenci.V\u017edy se sna\u017e\u00edm sv\u00fdm klient\u016fm maxim\u00e1ln\u011b p\u0159izp\u016fsobit. Pokud se na term\u00ednu dohodoneme, dodr\u017e\u00edm ho.\u00a0 Pokud bych ze zak\u00e1zky c\u00edtil, \u017ee ji [&hellip;]<\/p>\n","protected":false},"author":1,"featured_media":0,"parent":0,"menu_order":3,"comment_status":"closed","ping_status":"closed","template":"","meta":{"_et_pb_use_builder":"on","_et_pb_old_content":"","_et_gb_content_width":"","footnotes":""},"class_list":["post-110","page","type-page","status-publish","hentry"],"_links":{"self":[{"href":"https:\/\/www.romek.cz\/index.php\/wp-json\/wp\/v2\/pages\/110","targetHints":{"allow":["GET"]}}],"collection":[{"href":"https:\/\/www.romek.cz\/index.php\/wp-json\/wp\/v2\/pages"}],"about":[{"href":"https:\/\/www.romek.cz\/index.php\/wp-json\/wp\/v2\/types\/page"}],"author":[{"embeddable":true,"href":"https:\/\/www.romek.cz\/index.php\/wp-json\/wp\/v2\/users\/1"}],"replies":[{"embeddable":true,"href":"https:\/\/www.romek.cz\/index.php\/wp-json\/wp\/v2\/comments?post=110"}],"version-history":[{"count":3,"href":"https:\/\/www.romek.cz\/index.php\/wp-json\/wp\/v2\/pages\/110\/revisions"}],"predecessor-version":[{"id":116,"href":"https:\/\/www.romek.cz\/index.php\/wp-json\/wp\/v2\/pages\/110\/revisions\/116"}],"wp:attachment":[{"href":"https:\/\/www.romek.cz\/index.php\/wp-json\/wp\/v2\/media?parent=110"}],"curies":[{"name":"wp","href":"https:\/\/api.w.org\/{rel}","templated":true}]}}